{"id":4531,"date":"2022-11-02T13:35:32","date_gmt":"2022-11-02T13:35:32","guid":{"rendered":"https:\/\/johnsonville.ca\/casseroles\/"},"modified":"2022-11-02T13:44:27","modified_gmt":"2022-11-02T13:44:27","slug":"casserole","status":"publish","type":"page","link":"https:\/\/johnsonville.ca\/fr\/casserole\/","title":{"rendered":"Casseroles"},"content":{"rendered":"<p>[et_pb_section fb_built=\u00a0\u00bb1&Prime; _builder_version=\u00a0\u00bb4.18.0&Prime; _module_preset=\u00a0\u00bbdefault\u00a0\u00bb background_color=\u00a0\u00bb#edebe6&Prime; global_colors_info=\u00a0\u00bb{}\u00a0\u00bb][et_pb_row _builder_version=\u00a0\u00bb4.18.0&Prime; _module_preset=\u00a0\u00bbdefault\u00a0\u00bb max_width=\u00a0\u00bb1150px\u00a0\u00bb global_colors_info=\u00a0\u00bb{}\u00a0\u00bb][et_pb_column type=\u00a0\u00bb4_4&Prime; _builder_version=\u00a0\u00bb4.18.0&Prime; _module_preset=\u00a0\u00bbdefault\u00a0\u00bb global_colors_info=\u00a0\u00bb{}\u00a0\u00bb][et_pb_text _builder_version=\u00a0\u00bb4.18.0&Prime; _module_preset=\u00a0\u00bbdefault\u00a0\u00bb header_font=\u00a0\u00bbSemilla|700|||||||\u00a0\u00bb header_text_color=\u00a0\u00bb#000000&Prime; header_font_size=\u00a0\u00bb36px\u00a0\u00bb header_2_font=\u00a0\u00bbSemilla|600|||||||\u00a0\u00bb header_2_text_color=\u00a0\u00bb#000000&Prime; header_2_font_size=\u00a0\u00bb36px\u00a0\u00bb hover_enabled=\u00a0\u00bb0&Prime; border_width_bottom=\u00a0\u00bb1px\u00a0\u00bb border_color_bottom=\u00a0\u00bb#e98110&Prime; global_colors_info=\u00a0\u00bb{}\u00a0\u00bb sticky_enabled=\u00a0\u00bb0&Prime;]<\/p>\n<h2>Casserole<\/h2>\n<p>[\/et_pb_text][\/et_pb_column][\/et_pb_row][et_pb_row _builder_version=\u00a0\u00bb4.18.0&Prime; _module_preset=\u00a0\u00bbdefault\u00a0\u00bb max_width=\u00a0\u00bb1150px\u00a0\u00bb global_colors_info=\u00a0\u00bb{}\u00a0\u00bb][et_pb_column type=\u00a0\u00bb4_4&Prime; _builder_version=\u00a0\u00bb4.18.0&Prime; _module_preset=\u00a0\u00bbdefault\u00a0\u00bb global_colors_info=\u00a0\u00bb{}\u00a0\u00bb][dpdfg_filtergrid custom_query=\u00a0\u00bbadvanced\u00a0\u00bb multiple_cpt=\u00a0\u00bbrecipes\u00a0\u00bb use_taxonomy_terms=\u00a0\u00bbon\u00a0\u00bb include_terms=\u00a0\u00bb73&Prime; include_children_terms=\u00a0\u00bboff\u00a0\u00bb post_number=\u00a0\u00bb50&Prime; use_overlay=\u00a0\u00bboff\u00a0\u00bb show_post_meta=\u00a0\u00bboff\u00a0\u00bb custom_content_container=\u00a0\u00bboff\u00a0\u00bb show_filters=\u00a0\u00bboff\u00a0\u00bb _builder_version=\u00a0\u00bb4.18.0&Prime; _module_preset=\u00a0\u00bbdefault\u00a0\u00bb hover_enabled=\u00a0\u00bb0&Prime; global_colors_info=\u00a0\u00bb{}\u00a0\u00bb sticky_enabled=\u00a0\u00bb0&Prime;][\/dpdfg_filtergrid][\/et_pb_column][\/et_pb_row][\/et_pb_section][et_pb_section fb_built=\u00a0\u00bb1&Prime; module_id=\u00a0\u00bbfooter\u00a0\u00bb module_class=\u00a0\u00bbfooter-french\u00a0\u00bb _builder_version=\u00a0\u00bb4.18.0&Prime; _module_preset=\u00a0\u00bbdefault\u00a0\u00bb background_color=\u00a0\u00bb#000000&Prime; custom_padding=\u00a0\u00bb0px||0px||false|false\u00a0\u00bb global_colors_info=\u00a0\u00bb{}\u00a0\u00bb global_module=\u00a0\u00bb2015&Prime; theme_builder_area=\u00a0\u00bbpost_content\u00a0\u00bb][et_pb_row column_structure=\u00a0\u00bb1_2,1_2&Prime; _builder_version=\u00a0\u00bb4.18.0&Prime; _module_preset=\u00a0\u00bbdefault\u00a0\u00bb max_width=\u00a0\u00bb1150px\u00a0\u00bb custom_padding=\u00a0\u00bb15px||10px||false|false\u00a0\u00bb global_colors_info=\u00a0\u00bb{}\u00a0\u00bb custom_css_main_element_last_edited=\u00a0\u00bbon|phone\u00a0\u00bb theme_builder_area=\u00a0\u00bbpost_content\u00a0\u00bb][et_pb_column type=\u00a0\u00bb1_2&Prime; _builder_version=\u00a0\u00bb4.18.0&Prime; _module_preset=\u00a0\u00bbdefault\u00a0\u00bb global_colors_info=\u00a0\u00bb{}\u00a0\u00bb theme_builder_area=\u00a0\u00bbpost_content\u00a0\u00bb][et_pb_text module_class=\u00a0\u00bbfooter-left footer-links\u00a0\u00bb _builder_version=\u00a0\u00bb4.18.0&Prime; _module_preset=\u00a0\u00bbdefault\u00a0\u00bb text_font=\u00a0\u00bbMuseo||||||||\u00a0\u00bb text_text_color=\u00a0\u00bb#fff1c2&Prime; text_font_size=\u00a0\u00bb12px\u00a0\u00bb global_colors_info=\u00a0\u00bb{}\u00a0\u00bb theme_builder_area=\u00a0\u00bbpost_content\u00a0\u00bb]<a href=\"https:\/\/johnsonville.ca\/fr\/privacy\/\">Politique de confidentialit\u00e9<\/a><\/p>\n<p>\u00a92022 Johnsonville, LLC. Tous droits r\u00e9serv\u00e9s<\/p>\n<p>[\/et_pb_text][\/et_pb_column][et_pb_column type=\u00a0\u00bb1_2&Prime; _builder_version=\u00a0\u00bb4.18.0&Prime; _module_preset=\u00a0\u00bbdefault\u00a0\u00bb global_colors_info=\u00a0\u00bb{}\u00a0\u00bb theme_builder_area=\u00a0\u00bbpost_content\u00a0\u00bb][et_pb_text module_class=\u00a0\u00bbfooter-right footer-links\u00a0\u00bb _builder_version=\u00a0\u00bb4.18.0&Prime; _module_preset=\u00a0\u00bbdefault\u00a0\u00bb text_font=\u00a0\u00bbMuseo||||||||\u00a0\u00bb text_text_color=\u00a0\u00bb#fff1c2&Prime; text_orientation=\u00a0\u00bbright\u00a0\u00bb global_colors_info=\u00a0\u00bb{}\u00a0\u00bb theme_builder_area=\u00a0\u00bbpost_content\u00a0\u00bb]<a href=\"https:\/\/johnsonville.ca\/fr\/contact\/\">Communiquer avec nous<\/a><\/p>\n<div id=\"social-icons-footer\">\n<a href=\"https:\/\/facebook.com\/JohnsonvilleCA\"><i class=\"fa-brands fa-facebook\"><\/i><\/a>\n<\/div>\n<p>\n<div class=\"wpml-ls-statics-shortcode_actions wpml-ls wpml-ls-legacy-list-horizontal\">\n\t<ul role=\"menu\"><li class=\"wpml-ls-slot-shortcode_actions wpml-ls-item wpml-ls-item-en wpml-ls-first-item wpml-ls-item-legacy-list-horizontal\" role=\"none\">\n\t\t\t\t<a href=\"https:\/\/johnsonville.ca\/\" class=\"wpml-ls-link\" role=\"menuitem\"  aria-label=\"Passer \u00e0 Anglais(English)\" title=\"Passer \u00e0 Anglais(English)\" >\n                    <span class=\"wpml-ls-native\" lang=\"en\">English<\/span><span class=\"wpml-ls-display\"><span class=\"wpml-ls-bracket\"> (<\/span>Anglais<span class=\"wpml-ls-bracket\">)<\/span><\/span><\/a>\n\t\t\t<\/li><li class=\"wpml-ls-slot-shortcode_actions wpml-ls-item wpml-ls-item-fr wpml-ls-current-language wpml-ls-last-item wpml-ls-item-legacy-list-horizontal\" role=\"none\">\n\t\t\t\t<a href=\"https:\/\/johnsonville.ca\/fr\/\" class=\"wpml-ls-link\" role=\"menuitem\" >\n                    <span class=\"wpml-ls-native\" role=\"menuitem\">Fran\u00e7ais<\/span><\/a>\n\t\t\t<\/li><\/ul>\n<\/div>\n[\/et_pb_text][\/et_pb_column][\/et_pb_row][\/et_pb_section]<\/p>\n","protected":false},"excerpt":{"rendered":"<p>Casserole<div class=\"et_pb_module dpdfg_filtergrid dpdfg_filtergrid_0\">\n\t\t\t\t\n\t\t\t\t\n\t\t\t\t\n\t\t\t\t\n\t\t\t\t\n\t\t\t\t\n\t\t\t\t<div class=\"et_pb_module_inner\">\n\t\t\t\t\t<!-- DPDFG Start Main Container --><div class=\"dp-dfg-container dp-dfg-layout-grid dp-dfg-skin-default dp-dfg-skin-top-filters\" data-active-filter=\"all\" data-page=\"1\" data-found-posts=\"14\" data-post-number=\"50\" data-default-filter=\"All\" data-link-filter=\"\" data-cache=\"off\" data-ratio=\"0.71\" data-show-thumb=\"on\" data-action=\"link\" data-new-window=\"off\" data-filters=\"off\" data-multifilter=\"off|OR\" data-multilevel=\"off|AND|off\" data-sorting=\"off\" data-order=\"DESC\" data-orderby=\"date\" data-initorderby=\"date\" data-url-navigation=\"off\" data-url-history=\"on|reload\" data-ajax-filters=\"off\" data-doing-ajax=\"off\" data-module=\"dpdfg_filtergrid_0\" data-search=\"off\" data-search-position=\"above\" data-terms-tags=\"on\" data-pagination=\"on\" data-filter-method=\"default\" data-third-party=\"\" data-lightbox=\"on|||\" data-video-preview=\"off\" data-no-init=\"off\" data-st=\"on\"><div class=\"dp-dfg-items\"><article id=\"post-6238\" class=\"dp-dfg-item post-6238 recipes type-recipes status-publish has-post-thumbnail hentry category-casseroles category-diner category-savoureuse \"     data-position=\"0\"   data-new-tab=\"off\"   data-action-priority=\"item\"><figure class=\"dp-dfg-image entry-thumb\"><a href=\"https:\/\/johnsonville.ca\/fr\/recipes\/wild-rice-sausage-sage-stuffing\/\" class=\"dp-dfg-image-link\" ><img decoding=\"async\" class=\"dp-dfg-featured-image\" src=\"https:\/\/cdn-storage-jv-wordpress-canada-prd-central-us.azureedge.net\/uploads\/2022\/11\/JVL-TG-Stuffing-Aunt-WB-2-1-400x284.png\" alt=\"Farce \u00e0 la saucisse, au riz sauvage et \u00e0 la sauge\" width=\"400\" height=\"284\" data-ratio=\"0.71\"\/><\/a><\/figure><div class=\"dp-dfg-header entry-header\"><h2 class=\"entry-title\">Farce \u00e0 la saucisse, au riz sauvage et \u00e0 la sauge<\/h2><\/div><\/article><!-- DPDFG End Post Item Container --><article id=\"post-6231\" class=\"dp-dfg-item post-6231 recipes type-recipes status-publish has-post-thumbnail hentry category-casseroles category-diner category-savoureuse-fr \"     data-position=\"1\"   data-new-tab=\"off\"   data-action-priority=\"item\"><figure class=\"dp-dfg-image entry-thumb\"><a href=\"https:\/\/johnsonville.ca\/fr\/recipes\/whiskey-sausage-apple-stuffing\/\" class=\"dp-dfg-image-link\" ><img decoding=\"async\" class=\"dp-dfg-featured-image\" src=\"https:\/\/cdn-storage-jv-wordpress-canada-prd-central-us.azureedge.net\/uploads\/2022\/11\/JVL-TG-Stuffing-Dad-WB-2-400x284.png\" alt=\"Farce \u00e0 la saucisse, aux pommes et au whisky\" width=\"400\" height=\"284\" data-ratio=\"0.71\"\/><\/a><\/figure><div class=\"dp-dfg-header entry-header\"><h2 class=\"entry-title\">Farce \u00e0 la saucisse, aux pommes et au whisky<\/h2><\/div><\/article><!-- DPDFG End Post Item Container --><article id=\"post-6214\" class=\"dp-dfg-item post-6214 recipes type-recipes status-publish has-post-thumbnail hentry category-casseroles \"     data-position=\"2\"   data-new-tab=\"off\"   data-action-priority=\"item\"><figure class=\"dp-dfg-image entry-thumb\"><a href=\"https:\/\/johnsonville.ca\/fr\/recipes\/tomato-and-sausage-casserole\/\" class=\"dp-dfg-image-link\" ><img decoding=\"async\" class=\"dp-dfg-featured-image\" src=\"https:\/\/cdn-storage-jv-wordpress-canada-prd-central-us.azureedge.net\/uploads\/2022\/11\/JVL-Tomato-Sausage-Casserole-WB2-400x284.png\" alt=\"Rago\u00fbt de saucisse \u00e0 la tomate\" width=\"400\" height=\"284\" data-ratio=\"0.71\"\/><\/a><\/figure><div class=\"dp-dfg-header entry-header\"><h2 class=\"entry-title\">Rago\u00fbt de saucisse \u00e0 la tomate<\/h2><\/div><\/article><!-- DPDFG End Post Item Container --><article id=\"post-6207\" class=\"dp-dfg-item post-6207 recipes type-recipes status-publish has-post-thumbnail hentry category-casseroles category-diner category-savoureuse \"     data-position=\"3\"   data-new-tab=\"off\"   data-action-priority=\"item\"><figure class=\"dp-dfg-image entry-thumb\"><a href=\"https:\/\/johnsonville.ca\/fr\/recipes\/toasted-brioche-spinach-sausage-stuffing\/\" class=\"dp-dfg-image-link\" ><img decoding=\"async\" class=\"dp-dfg-featured-image\" src=\"https:\/\/cdn-storage-jv-wordpress-canada-prd-central-us.azureedge.net\/uploads\/2022\/11\/JVL-TG-Stuffing-Mom-WB-2-1-400x284.png\" alt=\"Farce \u00e0 la saucisse, aux \u00e9pinards et \u00e0 la brioche grill\u00e9e\" width=\"400\" height=\"284\" data-ratio=\"0.71\"\/><\/a><\/figure><div class=\"dp-dfg-header entry-header\"><h2 class=\"entry-title\">Farce \u00e0 la saucisse, aux \u00e9pinards et \u00e0 la brioche grill\u00e9e<\/h2><\/div><\/article><!-- DPDFG End Post Item Container --><article id=\"post-6186\" class=\"dp-dfg-item post-6186 recipes type-recipes status-publish has-post-thumbnail hentry category-casseroles category-epicee \"     data-position=\"4\"   data-new-tab=\"off\"   data-action-priority=\"item\"><figure class=\"dp-dfg-image entry-thumb\"><a href=\"https:\/\/johnsonville.ca\/fr\/recipes\/spicy-sausage-casserole\/\" class=\"dp-dfg-image-link\" ><img decoding=\"async\" class=\"dp-dfg-featured-image\" src=\"https:\/\/cdn-storage-jv-wordpress-canada-prd-central-us.azureedge.net\/uploads\/2022\/11\/JVL-Tex-Mex-Casserole-WB-2-1-400x284.png\" alt=\"Gratin \u00e0 la saucisse \u00e9pic\u00e9e\" width=\"400\" height=\"284\" data-ratio=\"0.71\"\/><\/a><\/figure><div class=\"dp-dfg-header entry-header\"><h2 class=\"entry-title\">Gratin \u00e0 la saucisse \u00e9pic\u00e9e<\/h2><\/div><\/article><!-- DPDFG End Post Item Container --><article id=\"post-6089\" class=\"dp-dfg-item post-6089 recipes type-recipes status-publish has-post-thumbnail hentry category-casseroles category-diner category-fromage \"     data-position=\"5\"   data-new-tab=\"off\"   data-action-priority=\"item\"><figure class=\"dp-dfg-image entry-thumb\"><a href=\"https:\/\/johnsonville.ca\/fr\/recipes\/sausage-tater-tot-casserole\/\" class=\"dp-dfg-image-link\" ><img decoding=\"async\" class=\"dp-dfg-featured-image\" src=\"https:\/\/cdn-storage-jv-wordpress-canada-prd-central-us.azureedge.net\/uploads\/2022\/11\/JVL-Tater-Tot-Casserole-WB2-400x284.png\" alt=\"Gratin de saucisses aux croquettes de pommes de terre\" width=\"400\" height=\"284\" data-ratio=\"0.71\"\/><\/a><\/figure><div class=\"dp-dfg-header entry-header\"><h2 class=\"entry-title\">Gratin de saucisses aux croquettes de pommes de terre<\/h2><\/div><\/article><!-- DPDFG End Post Item Container --><article id=\"post-6029\" class=\"dp-dfg-item post-6029 recipes type-recipes status-publish has-post-thumbnail hentry category-casseroles category-diner category-savoureuse category-sucree \"     data-position=\"6\"   data-new-tab=\"off\"   data-action-priority=\"item\"><figure class=\"dp-dfg-image entry-thumb\"><a href=\"https:\/\/johnsonville.ca\/fr\/recipes\/sausage-pecan-and-cranberry-stuffing\/\" class=\"dp-dfg-image-link\" ><img decoding=\"async\" class=\"dp-dfg-featured-image\" src=\"https:\/\/cdn-storage-jv-wordpress-canada-prd-central-us.azureedge.net\/uploads\/2022\/11\/JVLPecanCranberryStuffing_RC-400x284.jpeg\" alt=\"Farce \u00e0 la saucisse, aux pacanes et aux canneberges\" width=\"400\" height=\"284\" data-ratio=\"0.71\"\/><\/a><\/figure><div class=\"dp-dfg-header entry-header\"><h2 class=\"entry-title\">Farce \u00e0 la saucisse, aux pacanes et aux canneberges<\/h2><\/div><\/article><!-- DPDFG End Post Item Container --><article id=\"post-6609\" class=\"dp-dfg-item post-6609 recipes type-recipes status-publish has-post-thumbnail hentry category-casseroles category-diner category-italienne category-pates \"     data-position=\"7\"   data-new-tab=\"off\"   data-action-priority=\"item\"><figure class=\"dp-dfg-image entry-thumb\"><a href=\"https:\/\/johnsonville.ca\/fr\/recipes\/sausage-meatball-lasagna-with-ricotta-spinach\/\" class=\"dp-dfg-image-link\" ><img decoding=\"async\" class=\"dp-dfg-featured-image\" src=\"https:\/\/cdn-storage-jv-wordpress-canada-prd-central-us.azureedge.net\/uploads\/2022\/11\/456x328_V2_Mild_italian_sausage_meat-1-400x284.jpeg\" alt=\"Lasagne aux boulettes de saucisse, ricotta et \u00e9pinards\" width=\"400\" height=\"284\" data-ratio=\"0.71\"\/><\/a><\/figure><div class=\"dp-dfg-header entry-header\"><h2 class=\"entry-title\">Lasagne aux boulettes de saucisse, ricotta et \u00e9pinards<\/h2><\/div><\/article><!-- DPDFG End Post Item Container --><article id=\"post-5988\" class=\"dp-dfg-item post-5988 recipes type-recipes status-publish has-post-thumbnail hentry category-casseroles category-diner category-savoureuse \"     data-position=\"8\"   data-new-tab=\"off\"   data-action-priority=\"item\"><figure class=\"dp-dfg-image entry-thumb\"><a href=\"https:\/\/johnsonville.ca\/fr\/recipes\/sausage-and-wild-rice-stuffing\/\" class=\"dp-dfg-image-link\" ><img decoding=\"async\" class=\"dp-dfg-featured-image\" src=\"https:\/\/cdn-storage-jv-wordpress-canada-prd-central-us.azureedge.net\/uploads\/2022\/11\/JVL-Sausage-Wild-Rice-Stuffing-Website-2-400x284.png\" alt=\"Farce \u00e0 la saucisse et au riz sauvage\" width=\"400\" height=\"284\" data-ratio=\"0.71\"\/><\/a><\/figure><div class=\"dp-dfg-header entry-header\"><h2 class=\"entry-title\">Farce \u00e0 la saucisse et au riz sauvage<\/h2><\/div><\/article><!-- DPDFG End Post Item Container --><article id=\"post-5842\" class=\"dp-dfg-item post-5842 recipes type-recipes status-publish has-post-thumbnail hentry category-casseroles category-diner category-savoureuse \"     data-position=\"9\"   data-new-tab=\"off\"   data-action-priority=\"item\"><figure class=\"dp-dfg-image entry-thumb\"><a href=\"https:\/\/johnsonville.ca\/fr\/recipes\/original-holiday-stuffing\/\" class=\"dp-dfg-image-link\" ><img decoding=\"async\" class=\"dp-dfg-featured-image\" src=\"https:\/\/cdn-storage-jv-wordpress-canada-prd-central-us.azureedge.net\/uploads\/2022\/11\/JVL-TG-Stuffing-WB-2-1-400x284.png\" alt=\"Farce traditionnelle du temps des F\u00eates\" width=\"400\" height=\"284\" data-ratio=\"0.71\"\/><\/a><\/figure><div class=\"dp-dfg-header entry-header\"><h2 class=\"entry-title\">Farce traditionnelle du temps des F\u00eates<\/h2><\/div><\/article><!-- DPDFG End Post Item Container --><article id=\"post-6589\" class=\"dp-dfg-item post-6589 recipes type-recipes status-publish has-post-thumbnail hentry category-casseroles category-dejeuner \"     data-position=\"10\"   data-new-tab=\"off\"   data-action-priority=\"item\"><figure class=\"dp-dfg-image entry-thumb\"><a href=\"https:\/\/johnsonville.ca\/fr\/recipes\/oktoberfest-sausage-casserole\/\" class=\"dp-dfg-image-link\" ><img decoding=\"async\" class=\"dp-dfg-featured-image\" src=\"https:\/\/cdn-storage-jv-wordpress-canada-prd-central-us.azureedge.net\/uploads\/2022\/11\/JVL-Oktoberfest-Casserole-WB2-1-400x284.png\" alt=\"Rago\u00fbt style Oktoberfest\" width=\"400\" height=\"284\" data-ratio=\"0.71\"\/><\/a><\/figure><div class=\"dp-dfg-header entry-header\"><h2 class=\"entry-title\">Rago\u00fbt style Oktoberfest<\/h2><\/div><\/article><!-- DPDFG End Post Item Container --><article id=\"post-5196\" class=\"dp-dfg-item post-5196 recipes type-recipes status-publish has-post-thumbnail hentry category-casseroles category-mijoteuse-cocotte-minute \"     data-position=\"11\"   data-new-tab=\"off\"   data-action-priority=\"item\"><figure class=\"dp-dfg-image entry-thumb\"><a href=\"https:\/\/johnsonville.ca\/fr\/recipes\/holiday-slow-cooker-casserol\/\" class=\"dp-dfg-image-link\" ><img decoding=\"async\" class=\"dp-dfg-featured-image\" src=\"https:\/\/cdn-storage-jv-wordpress-canada-prd-central-us.azureedge.net\/uploads\/2022\/10\/JVL-Holiday-Slow-Cooker-Casserole-WB2-400x284.png\" alt=\"Gratin des F\u00eates \u00e0 la mijoteuse\" width=\"400\" height=\"284\" data-ratio=\"0.71\"\/><\/a><\/figure><div class=\"dp-dfg-header entry-header\"><h2 class=\"entry-title\">Gratin des F\u00eates \u00e0 la mijoteuse<\/h2><\/div><\/article><!-- DPDFG End Post Item Container --><article id=\"post-5164\" class=\"dp-dfg-item post-5164 recipes type-recipes status-publish has-post-thumbnail hentry category-casseroles category-dejeuner \"     data-position=\"12\"   data-new-tab=\"off\"   data-action-priority=\"item\"><figure class=\"dp-dfg-image entry-thumb\"><a href=\"https:\/\/johnsonville.ca\/fr\/recipes\/holiday-breakfast-casserole\/\" class=\"dp-dfg-image-link\" ><img decoding=\"async\" class=\"dp-dfg-featured-image\" src=\"https:\/\/cdn-storage-jv-wordpress-canada-prd-central-us.azureedge.net\/uploads\/2022\/10\/JVL-Breakfast-Casserole-Website-2-400x284.png\" alt=\"Gratin-brunch des F\u00eates\" width=\"400\" height=\"284\" data-ratio=\"0.71\"\/><\/a><\/figure><div class=\"dp-dfg-header entry-header\"><h2 class=\"entry-title\">Gratin-brunch des F\u00eates<\/h2><\/div><\/article><!-- DPDFG End Post Item Container --><article id=\"post-5127\" class=\"dp-dfg-item post-5127 recipes type-recipes status-publish has-post-thumbnail hentry category-casseroles category-savoureuse \"     data-position=\"13\"   data-new-tab=\"off\"   data-action-priority=\"item\"><figure class=\"dp-dfg-image entry-thumb\"><a href=\"https:\/\/johnsonville.ca\/fr\/recipes\/green-bean-casserole\/\" class=\"dp-dfg-image-link\" ><img decoding=\"async\" class=\"dp-dfg-featured-image\" src=\"https:\/\/cdn-storage-jv-wordpress-canada-prd-central-us.azureedge.net\/uploads\/2022\/10\/JVL-Green-Bean-Casserole-WB2-400x284.png\" alt=\"Casserole de haricots verts\" width=\"400\" height=\"284\" data-ratio=\"0.71\"\/><\/a><\/figure><div class=\"dp-dfg-header entry-header\"><h2 class=\"entry-title\">Casserole de haricots verts<\/h2><\/div><\/article><!-- DPDFG End Post Item Container --><\/div><!-- DPDFG End Posts Items Container --><\/div><!-- DPDFG End Main Container -->\n\t\t\t\t<\/div>\n\t\t\t<\/div>Politique de confidentialit\u00e9 \u00a92022 Johnsonville, LLC. Tous droits r\u00e9serv\u00e9sCommuniquer avec nous \n<div class=\"wpml-ls-statics-shortcode_actions wpml-ls wpml-ls-legacy-list-horizontal\">\n\t<ul role=\"menu\"><li class=\"wpml-ls-slot-shortcode_actions wpml-ls-item wpml-ls-item-en wpml-ls-first-item wpml-ls-item-legacy-list-horizontal\" role=\"none\">\n\t\t\t\t<a href=\"https:\/\/johnsonville.ca\/\" class=\"wpml-ls-link\" role=\"menuitem\"  aria-label=\"Passer \u00e0 Anglais(English)\" title=\"Passer \u00e0 Anglais(English)\" >\n                    <span class=\"wpml-ls-native\" lang=\"en\">English<\/span><span class=\"wpml-ls-display\"><span class=\"wpml-ls-bracket\"> (<\/span>Anglais<span class=\"wpml-ls-bracket\">)<\/span><\/span><\/a>\n\t\t\t<\/li><li class=\"wpml-ls-slot-shortcode_actions wpml-ls-item wpml-ls-item-fr wpml-ls-current-language wpml-ls-last-item wpml-ls-item-legacy-list-horizontal\" role=\"none\">\n\t\t\t\t<a href=\"https:\/\/johnsonville.ca\/fr\/\" class=\"wpml-ls-link\" role=\"menuitem\" >\n                    <span class=\"wpml-ls-native\" role=\"menuitem\">Fran\u00e7ais<\/span><\/a>\n\t\t\t<\/li><\/ul>\n<\/div>\n<\/p>\n","protected":false},"author":1,"featured_media":0,"parent":0,"menu_order":0,"comment_status":"closed","ping_status":"closed","template":"","meta":{"_et_pb_use_builder":"on","_et_pb_old_content":"","_et_gb_content_width":"","footnotes":""},"class_list":["post-4531","page","type-page","status-publish","hentry"],"yoast_head":"<!-- This site is optimized with the Yoast SEO plugin v27.2 - https:\/\/yoast.com\/product\/yoast-seo-wordpress\/ -->\n<title>Casseroles - Johnsonville.ca<\/title>\n<meta name=\"robots\" content=\"index, follow, max-snippet:-1, max-image-preview:large, max-video-preview:-1\" \/>\n<link rel=\"canonical\" href=\"https:\/\/johnsonville.ca\/fr\/casserole\/\" \/>\n<meta property=\"og:locale\" content=\"fr_FR\" \/>\n<meta property=\"og:type\" content=\"article\" \/>\n<meta property=\"og:title\" content=\"Casseroles - Johnsonville.ca\" \/>\n<meta property=\"og:description\" content=\"CasserolePolitique de confidentialit\u00e9 \u00a92022 Johnsonville, LLC. Tous droits r\u00e9serv\u00e9sCommuniquer avec nous\" \/>\n<meta property=\"og:url\" content=\"https:\/\/johnsonville.ca\/fr\/casserole\/\" \/>\n<meta property=\"og:site_name\" content=\"Johnsonville.ca\" \/>\n<meta property=\"article:modified_time\" content=\"2022-11-02T13:44:27+00:00\" \/>\n<meta name=\"twitter:card\" content=\"summary_large_image\" \/>\n<meta name=\"twitter:label1\" content=\"Dur\u00e9e de lecture estim\u00e9e\" \/>\n\t<meta name=\"twitter:data1\" content=\"2 minutes\" \/>\n<script type=\"application\/ld+json\" class=\"yoast-schema-graph\">{\"@context\":\"https:\/\/schema.org\",\"@graph\":[{\"@type\":\"WebPage\",\"@id\":\"https:\/\/johnsonville.ca\/fr\/casserole\/\",\"url\":\"https:\/\/johnsonville.ca\/fr\/casserole\/\",\"name\":\"Casseroles - Johnsonville.ca\",\"isPartOf\":{\"@id\":\"https:\/\/johnsonville.ca\/fr\/#website\"},\"datePublished\":\"2022-11-02T13:35:32+00:00\",\"dateModified\":\"2022-11-02T13:44:27+00:00\",\"breadcrumb\":{\"@id\":\"https:\/\/johnsonville.ca\/fr\/casserole\/#breadcrumb\"},\"inLanguage\":\"fr-FR\",\"potentialAction\":[{\"@type\":\"ReadAction\",\"target\":[\"https:\/\/johnsonville.ca\/fr\/casserole\/\"]}]},{\"@type\":\"BreadcrumbList\",\"@id\":\"https:\/\/johnsonville.ca\/fr\/casserole\/#breadcrumb\",\"itemListElement\":[{\"@type\":\"ListItem\",\"position\":1,\"name\":\"Home\",\"item\":\"https:\/\/johnsonville.ca\/fr\/\"},{\"@type\":\"ListItem\",\"position\":2,\"name\":\"Casseroles\"}]},{\"@type\":\"WebSite\",\"@id\":\"https:\/\/johnsonville.ca\/fr\/#website\",\"url\":\"https:\/\/johnsonville.ca\/fr\/\",\"name\":\"Johnsonville.ca\",\"description\":\"\",\"potentialAction\":[{\"@type\":\"SearchAction\",\"target\":{\"@type\":\"EntryPoint\",\"urlTemplate\":\"https:\/\/johnsonville.ca\/fr\/?s={search_term_string}\"},\"query-input\":{\"@type\":\"PropertyValueSpecification\",\"valueRequired\":true,\"valueName\":\"search_term_string\"}}],\"inLanguage\":\"fr-FR\"}]}<\/script>\n<!-- \/ Yoast SEO plugin. -->","yoast_head_json":{"title":"Casseroles - Johnsonville.ca","robots":{"index":"index","follow":"follow","max-snippet":"max-snippet:-1","max-image-preview":"max-image-preview:large","max-video-preview":"max-video-preview:-1"},"canonical":"https:\/\/johnsonville.ca\/fr\/casserole\/","og_locale":"fr_FR","og_type":"article","og_title":"Casseroles - Johnsonville.ca","og_description":"CasserolePolitique de confidentialit\u00e9 \u00a92022 Johnsonville, LLC. Tous droits r\u00e9serv\u00e9sCommuniquer avec nous","og_url":"https:\/\/johnsonville.ca\/fr\/casserole\/","og_site_name":"Johnsonville.ca","article_modified_time":"2022-11-02T13:44:27+00:00","twitter_card":"summary_large_image","twitter_misc":{"Dur\u00e9e de lecture estim\u00e9e":"2 minutes"},"schema":{"@context":"https:\/\/schema.org","@graph":[{"@type":"WebPage","@id":"https:\/\/johnsonville.ca\/fr\/casserole\/","url":"https:\/\/johnsonville.ca\/fr\/casserole\/","name":"Casseroles - Johnsonville.ca","isPartOf":{"@id":"https:\/\/johnsonville.ca\/fr\/#website"},"datePublished":"2022-11-02T13:35:32+00:00","dateModified":"2022-11-02T13:44:27+00:00","breadcrumb":{"@id":"https:\/\/johnsonville.ca\/fr\/casserole\/#breadcrumb"},"inLanguage":"fr-FR","potentialAction":[{"@type":"ReadAction","target":["https:\/\/johnsonville.ca\/fr\/casserole\/"]}]},{"@type":"BreadcrumbList","@id":"https:\/\/johnsonville.ca\/fr\/casserole\/#breadcrumb","itemListElement":[{"@type":"ListItem","position":1,"name":"Home","item":"https:\/\/johnsonville.ca\/fr\/"},{"@type":"ListItem","position":2,"name":"Casseroles"}]},{"@type":"WebSite","@id":"https:\/\/johnsonville.ca\/fr\/#website","url":"https:\/\/johnsonville.ca\/fr\/","name":"Johnsonville.ca","description":"","potentialAction":[{"@type":"SearchAction","target":{"@type":"EntryPoint","urlTemplate":"https:\/\/johnsonville.ca\/fr\/?s={search_term_string}"},"query-input":{"@type":"PropertyValueSpecification","valueRequired":true,"valueName":"search_term_string"}}],"inLanguage":"fr-FR"}]}},"_links":{"self":[{"href":"https:\/\/johnsonville.ca\/fr\/wp-json\/wp\/v2\/pages\/4531","targetHints":{"allow":["GET"]}}],"collection":[{"href":"https:\/\/johnsonville.ca\/fr\/wp-json\/wp\/v2\/pages"}],"about":[{"href":"https:\/\/johnsonville.ca\/fr\/wp-json\/wp\/v2\/types\/page"}],"author":[{"embeddable":true,"href":"https:\/\/johnsonville.ca\/fr\/wp-json\/wp\/v2\/users\/1"}],"replies":[{"embeddable":true,"href":"https:\/\/johnsonville.ca\/fr\/wp-json\/wp\/v2\/comments?post=4531"}],"version-history":[{"count":0,"href":"https:\/\/johnsonville.ca\/fr\/wp-json\/wp\/v2\/pages\/4531\/revisions"}],"wp:attachment":[{"href":"https:\/\/johnsonville.ca\/fr\/wp-json\/wp\/v2\/media?parent=4531"}],"curies":[{"name":"wp","href":"https:\/\/api.w.org\/{rel}","templated":true}]}}