{"id":4536,"date":"2022-11-02T13:36:14","date_gmt":"2022-11-02T13:36:14","guid":{"rendered":"https:\/\/johnsonville.ca\/soupes\/"},"modified":"2022-11-02T13:49:09","modified_gmt":"2022-11-02T13:49:09","slug":"soupes","status":"publish","type":"page","link":"https:\/\/johnsonville.ca\/fr\/soupes\/","title":{"rendered":"Soupes"},"content":{"rendered":"<p>[et_pb_section fb_built=\u00a0\u00bb1&Prime; _builder_version=\u00a0\u00bb4.18.0&Prime; _module_preset=\u00a0\u00bbdefault\u00a0\u00bb background_color=\u00a0\u00bb#edebe6&Prime; global_colors_info=\u00a0\u00bb{}\u00a0\u00bb][et_pb_row _builder_version=\u00a0\u00bb4.18.0&Prime; _module_preset=\u00a0\u00bbdefault\u00a0\u00bb max_width=\u00a0\u00bb1150px\u00a0\u00bb global_colors_info=\u00a0\u00bb{}\u00a0\u00bb][et_pb_column type=\u00a0\u00bb4_4&Prime; _builder_version=\u00a0\u00bb4.18.0&Prime; _module_preset=\u00a0\u00bbdefault\u00a0\u00bb global_colors_info=\u00a0\u00bb{}\u00a0\u00bb][et_pb_text _builder_version=\u00a0\u00bb4.18.0&Prime; _module_preset=\u00a0\u00bbdefault\u00a0\u00bb header_font=\u00a0\u00bbSemilla|700|||||||\u00a0\u00bb header_text_color=\u00a0\u00bb#000000&Prime; header_font_size=\u00a0\u00bb36px\u00a0\u00bb header_2_font=\u00a0\u00bbSemilla|600|||||||\u00a0\u00bb header_2_text_color=\u00a0\u00bb#000000&Prime; header_2_font_size=\u00a0\u00bb36px\u00a0\u00bb hover_enabled=\u00a0\u00bb0&Prime; border_width_bottom=\u00a0\u00bb1px\u00a0\u00bb border_color_bottom=\u00a0\u00bb#e98110&Prime; global_colors_info=\u00a0\u00bb{}\u00a0\u00bb sticky_enabled=\u00a0\u00bb0&Prime;]<\/p>\n<h2>Soupes<\/h2>\n<p>[\/et_pb_text][\/et_pb_column][\/et_pb_row][et_pb_row _builder_version=\u00a0\u00bb4.18.0&Prime; _module_preset=\u00a0\u00bbdefault\u00a0\u00bb max_width=\u00a0\u00bb1150px\u00a0\u00bb global_colors_info=\u00a0\u00bb{}\u00a0\u00bb][et_pb_column type=\u00a0\u00bb4_4&Prime; _builder_version=\u00a0\u00bb4.18.0&Prime; _module_preset=\u00a0\u00bbdefault\u00a0\u00bb global_colors_info=\u00a0\u00bb{}\u00a0\u00bb][dpdfg_filtergrid custom_query=\u00a0\u00bbadvanced\u00a0\u00bb multiple_cpt=\u00a0\u00bbrecipes\u00a0\u00bb use_taxonomy_terms=\u00a0\u00bbon\u00a0\u00bb include_terms=\u00a0\u00bb74&Prime; include_children_terms=\u00a0\u00bboff\u00a0\u00bb post_number=\u00a0\u00bb50&Prime; use_overlay=\u00a0\u00bboff\u00a0\u00bb show_post_meta=\u00a0\u00bboff\u00a0\u00bb custom_content_container=\u00a0\u00bboff\u00a0\u00bb show_filters=\u00a0\u00bboff\u00a0\u00bb _builder_version=\u00a0\u00bb4.18.0&Prime; _module_preset=\u00a0\u00bbdefault\u00a0\u00bb hover_enabled=\u00a0\u00bb0&Prime; global_colors_info=\u00a0\u00bb{}\u00a0\u00bb sticky_enabled=\u00a0\u00bb0&Prime;][\/dpdfg_filtergrid][\/et_pb_column][\/et_pb_row][\/et_pb_section][et_pb_section fb_built=\u00a0\u00bb1&Prime; module_id=\u00a0\u00bbfooter\u00a0\u00bb module_class=\u00a0\u00bbfooter-french\u00a0\u00bb _builder_version=\u00a0\u00bb4.18.0&Prime; _module_preset=\u00a0\u00bbdefault\u00a0\u00bb background_color=\u00a0\u00bb#000000&Prime; custom_padding=\u00a0\u00bb0px||0px||false|false\u00a0\u00bb global_colors_info=\u00a0\u00bb{}\u00a0\u00bb global_module=\u00a0\u00bb2015&Prime; theme_builder_area=\u00a0\u00bbpost_content\u00a0\u00bb][et_pb_row column_structure=\u00a0\u00bb1_2,1_2&Prime; _builder_version=\u00a0\u00bb4.18.0&Prime; _module_preset=\u00a0\u00bbdefault\u00a0\u00bb max_width=\u00a0\u00bb1150px\u00a0\u00bb custom_padding=\u00a0\u00bb15px||10px||false|false\u00a0\u00bb global_colors_info=\u00a0\u00bb{}\u00a0\u00bb custom_css_main_element_last_edited=\u00a0\u00bbon|phone\u00a0\u00bb theme_builder_area=\u00a0\u00bbpost_content\u00a0\u00bb][et_pb_column type=\u00a0\u00bb1_2&Prime; _builder_version=\u00a0\u00bb4.18.0&Prime; _module_preset=\u00a0\u00bbdefault\u00a0\u00bb global_colors_info=\u00a0\u00bb{}\u00a0\u00bb theme_builder_area=\u00a0\u00bbpost_content\u00a0\u00bb][et_pb_text module_class=\u00a0\u00bbfooter-left footer-links\u00a0\u00bb _builder_version=\u00a0\u00bb4.18.0&Prime; _module_preset=\u00a0\u00bbdefault\u00a0\u00bb text_font=\u00a0\u00bbMuseo||||||||\u00a0\u00bb text_text_color=\u00a0\u00bb#fff1c2&Prime; text_font_size=\u00a0\u00bb12px\u00a0\u00bb global_colors_info=\u00a0\u00bb{}\u00a0\u00bb theme_builder_area=\u00a0\u00bbpost_content\u00a0\u00bb]<a href=\"https:\/\/johnsonville.ca\/fr\/privacy\/\">Politique de confidentialit\u00e9<\/a><\/p>\n<p>\u00a92022 Johnsonville, LLC. Tous droits r\u00e9serv\u00e9s<\/p>\n<p>[\/et_pb_text][\/et_pb_column][et_pb_column type=\u00a0\u00bb1_2&Prime; _builder_version=\u00a0\u00bb4.18.0&Prime; _module_preset=\u00a0\u00bbdefault\u00a0\u00bb global_colors_info=\u00a0\u00bb{}\u00a0\u00bb theme_builder_area=\u00a0\u00bbpost_content\u00a0\u00bb][et_pb_text module_class=\u00a0\u00bbfooter-right footer-links\u00a0\u00bb _builder_version=\u00a0\u00bb4.18.0&Prime; _module_preset=\u00a0\u00bbdefault\u00a0\u00bb text_font=\u00a0\u00bbMuseo||||||||\u00a0\u00bb text_text_color=\u00a0\u00bb#fff1c2&Prime; text_orientation=\u00a0\u00bbright\u00a0\u00bb global_colors_info=\u00a0\u00bb{}\u00a0\u00bb theme_builder_area=\u00a0\u00bbpost_content\u00a0\u00bb]<a href=\"https:\/\/johnsonville.ca\/fr\/contact\/\">Communiquer avec nous<\/a><\/p>\n<div id=\"social-icons-footer\">\n<a href=\"https:\/\/facebook.com\/JohnsonvilleCA\"><i class=\"fa-brands fa-facebook\"><\/i><\/a>\n<\/div>\n<p>\n<div class=\"wpml-ls-statics-shortcode_actions wpml-ls wpml-ls-legacy-list-horizontal\">\n\t<ul role=\"menu\"><li class=\"wpml-ls-slot-shortcode_actions wpml-ls-item wpml-ls-item-en wpml-ls-first-item wpml-ls-item-legacy-list-horizontal\" role=\"none\">\n\t\t\t\t<a href=\"https:\/\/johnsonville.ca\/\" class=\"wpml-ls-link\" role=\"menuitem\"  aria-label=\"Passer \u00e0 Anglais(English)\" title=\"Passer \u00e0 Anglais(English)\" >\n                    <span class=\"wpml-ls-native\" lang=\"en\">English<\/span><span class=\"wpml-ls-display\"><span class=\"wpml-ls-bracket\"> (<\/span>Anglais<span class=\"wpml-ls-bracket\">)<\/span><\/span><\/a>\n\t\t\t<\/li><li class=\"wpml-ls-slot-shortcode_actions wpml-ls-item wpml-ls-item-fr wpml-ls-current-language wpml-ls-last-item wpml-ls-item-legacy-list-horizontal\" role=\"none\">\n\t\t\t\t<a href=\"https:\/\/johnsonville.ca\/fr\/\" class=\"wpml-ls-link\" role=\"menuitem\" >\n                    <span class=\"wpml-ls-native\" role=\"menuitem\">Fran\u00e7ais<\/span><\/a>\n\t\t\t<\/li><\/ul>\n<\/div>\n[\/et_pb_text][\/et_pb_column][\/et_pb_row][\/et_pb_section]<\/p>\n","protected":false},"excerpt":{"rendered":"<p>Soupes<div class=\"et_pb_module dpdfg_filtergrid dpdfg_filtergrid_0\">\n\t\t\t\t\n\t\t\t\t\n\t\t\t\t\n\t\t\t\t\n\t\t\t\t\n\t\t\t\t\n\t\t\t\t<div class=\"et_pb_module_inner\">\n\t\t\t\t\t<!-- DPDFG Start Main Container --><div class=\"dp-dfg-container dp-dfg-layout-grid dp-dfg-skin-default dp-dfg-skin-top-filters\" data-active-filter=\"all\" data-page=\"1\" data-found-posts=\"11\" data-post-number=\"50\" data-default-filter=\"All\" data-link-filter=\"\" data-cache=\"off\" data-ratio=\"0.71\" data-show-thumb=\"on\" data-action=\"link\" data-new-window=\"off\" data-filters=\"off\" data-multifilter=\"off|OR\" data-multilevel=\"off|AND|off\" data-sorting=\"off\" data-order=\"DESC\" data-orderby=\"date\" data-initorderby=\"date\" data-url-navigation=\"off\" data-url-history=\"on|reload\" data-ajax-filters=\"off\" data-doing-ajax=\"off\" data-module=\"dpdfg_filtergrid_0\" data-search=\"off\" data-search-position=\"above\" data-terms-tags=\"on\" data-pagination=\"on\" data-filter-method=\"default\" data-third-party=\"\" data-lightbox=\"on|||\" data-video-preview=\"off\" data-no-init=\"off\" data-st=\"on\"><div class=\"dp-dfg-items\"><article id=\"post-6910\" class=\"dp-dfg-item post-6910 recipes type-recipes status-publish has-post-thumbnail hentry category-diner category-savoureuse category-soupes \"     data-position=\"0\"   data-new-tab=\"off\"   data-action-priority=\"item\"><figure class=\"dp-dfg-image entry-thumb\"><a href=\"https:\/\/johnsonville.ca\/fr\/recipes\/farmer-s-market-sausage-soup\/\" class=\"dp-dfg-image-link\" ><img decoding=\"async\" class=\"dp-dfg-featured-image\" src=\"https:\/\/cdn-storage-jv-wordpress-canada-prd-central-us.azureedge.net\/uploads\/2022\/11\/Screen-Shot-2021-10-12-at-12.01.23-PM-1-400x284.png\" alt=\"Soupe aux Saucisse du March\u00e9 Fermier\" width=\"400\" height=\"284\" data-ratio=\"0.71\"\/><\/a><\/figure><div class=\"dp-dfg-header entry-header\"><h2 class=\"entry-title\">Soupe aux Saucisse du March\u00e9 Fermier<\/h2><\/div><\/article><!-- DPDFG End Post Item Container --><article id=\"post-6246\" class=\"dp-dfg-item post-6246 recipes type-recipes status-publish has-post-thumbnail hentry category-diner category-savoureuse category-soupes \"     data-position=\"1\"   data-new-tab=\"off\"   data-action-priority=\"item\"><figure class=\"dp-dfg-image entry-thumb\"><a href=\"https:\/\/johnsonville.ca\/fr\/recipes\/johnsonville-italian-braised-stew\/\" class=\"dp-dfg-image-link\" ><img decoding=\"async\" class=\"dp-dfg-featured-image\" src=\"https:\/\/cdn-storage-jv-wordpress-canada-prd-central-us.azureedge.net\/uploads\/2022\/11\/Johnsonville-Braised-Italian-Sausage-Stew-US-Asset-Website-crop-400x284.png\" alt=\"Rago\u00fbt de saucisses italiennes brais\u00e9es\" width=\"400\" height=\"284\" data-ratio=\"0.71\"\/><\/a><\/figure><div class=\"dp-dfg-header entry-header\"><h2 class=\"entry-title\">Rago\u00fbt de saucisses italiennes brais\u00e9es<\/h2><\/div><\/article><!-- DPDFG End Post Item Container --><article id=\"post-6154\" class=\"dp-dfg-item post-6154 recipes type-recipes status-publish has-post-thumbnail hentry category-epicee category-soupes \"     data-position=\"2\"   data-new-tab=\"off\"   data-action-priority=\"item\"><figure class=\"dp-dfg-image entry-thumb\"><a href=\"https:\/\/johnsonville.ca\/fr\/recipes\/sweet-potato-and-sausage-soup\/\" class=\"dp-dfg-image-link\" ><img decoding=\"async\" class=\"dp-dfg-featured-image\" src=\"https:\/\/cdn-storage-jv-wordpress-canada-prd-central-us.azureedge.net\/uploads\/2022\/11\/JVL-Sweet-Potato-Kale-Soup-WB-2-1-400x284.png\" alt=\"Soupe \u00e0 la patate douce et aux saucisses\" width=\"400\" height=\"284\" data-ratio=\"0.71\"\/><\/a><\/figure><div class=\"dp-dfg-header entry-header\"><h2 class=\"entry-title\">Soupe \u00e0 la patate douce et aux saucisses<\/h2><\/div><\/article><!-- DPDFG End Post Item Container --><article id=\"post-6900\" class=\"dp-dfg-item post-6900 recipes type-recipes status-publish has-post-thumbnail hentry category-diner category-soupes \"     data-position=\"3\"   data-new-tab=\"off\"   data-action-priority=\"item\"><figure class=\"dp-dfg-image entry-thumb\"><a href=\"https:\/\/johnsonville.ca\/fr\/recipes\/spicy-sausage-soup\/\" class=\"dp-dfg-image-link\" ><img decoding=\"async\" class=\"dp-dfg-featured-image\" src=\"https:\/\/cdn-storage-jv-wordpress-canada-prd-central-us.azureedge.net\/uploads\/2022\/11\/PRAIRIES-Spicy-Soup-copy_RC-400x284.jpeg\" alt=\"Soupe \u00e0 la saucisse \u00e9pic\u00e9e\" width=\"400\" height=\"284\" data-ratio=\"0.71\"\/><\/a><\/figure><div class=\"dp-dfg-header entry-header\"><h2 class=\"entry-title\">Soupe \u00e0 la saucisse \u00e9pic\u00e9e<\/h2><\/div><\/article><!-- DPDFG End Post Item Container --><article id=\"post-5976\" class=\"dp-dfg-item post-5976 recipes type-recipes status-publish has-post-thumbnail hentry category-diner-en-30-minutes category-soupes \"     data-position=\"4\"   data-new-tab=\"off\"   data-action-priority=\"item\"><figure class=\"dp-dfg-image entry-thumb\"><a href=\"https:\/\/johnsonville.ca\/fr\/recipes\/sausage-gnocchi-soup\/\" class=\"dp-dfg-image-link\" ><img decoding=\"async\" class=\"dp-dfg-featured-image\" src=\"https:\/\/cdn-storage-jv-wordpress-canada-prd-central-us.azureedge.net\/uploads\/2022\/11\/JVL-Gnocci-Sausage-Soup-WB-2-1-400x284.png\" alt=\"Soupe aux saucisses et aux gnocchis\" width=\"400\" height=\"284\" data-ratio=\"0.71\"\/><\/a><\/figure><div class=\"dp-dfg-header entry-header\"><h2 class=\"entry-title\">Soupe aux saucisses et aux gnocchis<\/h2><\/div><\/article><!-- DPDFG End Post Item Container --><article id=\"post-5789\" class=\"dp-dfg-item post-5789 recipes type-recipes status-publish has-post-thumbnail hentry category-soupes \"     data-position=\"5\"   data-new-tab=\"off\"   data-action-priority=\"item\"><figure class=\"dp-dfg-image entry-thumb\"><a href=\"https:\/\/johnsonville.ca\/fr\/recipes\/minestrone-soup-with-italian-sausage\/\" class=\"dp-dfg-image-link\" ><img decoding=\"async\" class=\"dp-dfg-featured-image\" src=\"https:\/\/cdn-storage-jv-wordpress-canada-prd-central-us.azureedge.net\/uploads\/2022\/11\/JVL-Minestrone-Soup-WB-2-1-400x284.png\" alt=\"Soupe minestrone aux saucisses italiennes\" width=\"400\" height=\"284\" data-ratio=\"0.71\"\/><\/a><\/figure><div class=\"dp-dfg-header entry-header\"><h2 class=\"entry-title\">Soupe minestrone aux saucisses italiennes<\/h2><\/div><\/article><!-- DPDFG End Post Item Container --><article id=\"post-5505\" class=\"dp-dfg-item post-5505 recipes type-recipes status-publish has-post-thumbnail hentry category-diner category-soupes \"     data-position=\"6\"   data-new-tab=\"off\"   data-action-priority=\"item\"><figure class=\"dp-dfg-image entry-thumb\"><a href=\"https:\/\/johnsonville.ca\/fr\/recipes\/italian-wedding-soup\/\" class=\"dp-dfg-image-link\" ><img decoding=\"async\" class=\"dp-dfg-featured-image\" src=\"https:\/\/cdn-storage-jv-wordpress-canada-prd-central-us.azureedge.net\/uploads\/2022\/10\/JVL-Italian-Wedding-Soup-456-1-1-400x284.png\" alt=\"Soupe Noces \u00e0 l&rsquo;italienne\" width=\"400\" height=\"284\" data-ratio=\"0.71\"\/><\/a><\/figure><div class=\"dp-dfg-header entry-header\"><h2 class=\"entry-title\">Soupe Noces \u00e0 l&rsquo;italienne<\/h2><\/div><\/article><!-- DPDFG End Post Item Container --><article id=\"post-5273\" class=\"dp-dfg-item post-5273 recipes type-recipes status-publish has-post-thumbnail hentry category-diner category-soupes \"     data-position=\"7\"   data-new-tab=\"off\"   data-action-priority=\"item\"><figure class=\"dp-dfg-image entry-thumb\"><a href=\"https:\/\/johnsonville.ca\/fr\/recipes\/italian-sausage-soup-with-tortellini\/\" class=\"dp-dfg-image-link\" ><img decoding=\"async\" class=\"dp-dfg-featured-image\" src=\"https:\/\/cdn-storage-jv-wordpress-canada-prd-central-us.azureedge.net\/uploads\/2022\/10\/JVL-Tortellini-Soup-WB-2-1-1-400x284.png\" alt=\"Soupe \u00e0 la saucisse italienne, tortellinis et kale\" width=\"400\" height=\"284\" data-ratio=\"0.71\"\/><\/a><\/figure><div class=\"dp-dfg-header entry-header\"><h2 class=\"entry-title\">Soupe \u00e0 la saucisse italienne, tortellinis et kale<\/h2><\/div><\/article><!-- DPDFG End Post Item Container --><article id=\"post-5146\" class=\"dp-dfg-item post-5146 recipes type-recipes status-publish has-post-thumbnail hentry category-savoureuse category-soupes \"     data-position=\"8\"   data-new-tab=\"off\"   data-action-priority=\"item\"><figure class=\"dp-dfg-image entry-thumb\"><a href=\"https:\/\/johnsonville.ca\/fr\/recipes\/hearty-split-pea-soup-with-country-garlic-sausages\/\" class=\"dp-dfg-image-link\" ><img decoding=\"async\" class=\"dp-dfg-featured-image\" src=\"https:\/\/cdn-storage-jv-wordpress-canada-prd-central-us.azureedge.net\/uploads\/2022\/10\/ATLANTIC-CANADA-Split-Pea-SOup_RC-400x284.jpeg\" alt=\"Soupe aux pois avec saucisses campagnardes \u00e0 l&rsquo;ail\" width=\"400\" height=\"284\" data-ratio=\"0.71\"\/><\/a><\/figure><div class=\"dp-dfg-header entry-header\"><h2 class=\"entry-title\">Soupe aux pois avec saucisses campagnardes \u00e0 l&rsquo;ail<\/h2><\/div><\/article><!-- DPDFG End Post Item Container --><article id=\"post-5110\" class=\"dp-dfg-item post-5110 recipes type-recipes status-publish has-post-thumbnail hentry category-internationale category-soupes \"     data-position=\"9\"   data-new-tab=\"off\"   data-action-priority=\"item\"><figure class=\"dp-dfg-image entry-thumb\"><a href=\"https:\/\/johnsonville.ca\/fr\/recipes\/german-festival-soup\/\" class=\"dp-dfg-image-link\" ><img decoding=\"async\" class=\"dp-dfg-featured-image\" src=\"https:\/\/cdn-storage-jv-wordpress-canada-prd-central-us.azureedge.net\/uploads\/2022\/10\/JVL-German-Festival-Soup-WB2-400x284.png\" alt=\"Soupe-repas rustique \u00e0 l&rsquo;allemande\" width=\"400\" height=\"284\" data-ratio=\"0.71\"\/><\/a><\/figure><div class=\"dp-dfg-header entry-header\"><h2 class=\"entry-title\">Soupe-repas rustique \u00e0 l&rsquo;allemande<\/h2><\/div><\/article><!-- DPDFG End Post Item Container --><article id=\"post-4431\" class=\"dp-dfg-item post-4431 recipes type-recipes status-publish has-post-thumbnail hentry category-diner category-diner-fr category-diner-en-30-minutes category-diner-en-30-minutes-fr category-dinner-in-30-minutes category-fromage category-soupes category-soupes-fr \"     data-position=\"10\"   data-new-tab=\"off\"   data-action-priority=\"item\"><figure class=\"dp-dfg-image entry-thumb\"><a href=\"https:\/\/johnsonville.ca\/fr\/recipes\/beer-cheddar-sausage-soup\/\" class=\"dp-dfg-image-link\" ><img decoding=\"async\" class=\"dp-dfg-featured-image\" src=\"https:\/\/cdn-storage-jv-wordpress-canada-prd-central-us.azureedge.net\/uploads\/2022\/10\/JVL-Beer-Cheddar-Soup-WB-2-400x284.png\" alt=\"Soupe au cheddar et \u00e0 la bi\u00e8re\" width=\"400\" height=\"284\" data-ratio=\"0.71\"\/><\/a><\/figure><div class=\"dp-dfg-header entry-header\"><h2 class=\"entry-title\">Soupe au cheddar et \u00e0 la bi\u00e8re<\/h2><\/div><\/article><!-- DPDFG End Post Item Container --><\/div><!-- DPDFG End Posts Items Container --><\/div><!-- DPDFG End Main Container -->\n\t\t\t\t<\/div>\n\t\t\t<\/div>Politique de confidentialit\u00e9 \u00a92022 Johnsonville, LLC. Tous droits r\u00e9serv\u00e9sCommuniquer avec nous \n<div class=\"wpml-ls-statics-shortcode_actions wpml-ls wpml-ls-legacy-list-horizontal\">\n\t<ul role=\"menu\"><li class=\"wpml-ls-slot-shortcode_actions wpml-ls-item wpml-ls-item-en wpml-ls-first-item wpml-ls-item-legacy-list-horizontal\" role=\"none\">\n\t\t\t\t<a href=\"https:\/\/johnsonville.ca\/\" class=\"wpml-ls-link\" role=\"menuitem\"  aria-label=\"Passer \u00e0 Anglais(English)\" title=\"Passer \u00e0 Anglais(English)\" >\n                    <span class=\"wpml-ls-native\" lang=\"en\">English<\/span><span class=\"wpml-ls-display\"><span class=\"wpml-ls-bracket\"> (<\/span>Anglais<span class=\"wpml-ls-bracket\">)<\/span><\/span><\/a>\n\t\t\t<\/li><li class=\"wpml-ls-slot-shortcode_actions wpml-ls-item wpml-ls-item-fr wpml-ls-current-language wpml-ls-last-item wpml-ls-item-legacy-list-horizontal\" role=\"none\">\n\t\t\t\t<a href=\"https:\/\/johnsonville.ca\/fr\/\" class=\"wpml-ls-link\" role=\"menuitem\" >\n                    <span class=\"wpml-ls-native\" role=\"menuitem\">Fran\u00e7ais<\/span><\/a>\n\t\t\t<\/li><\/ul>\n<\/div>\n<\/p>\n","protected":false},"author":1,"featured_media":0,"parent":0,"menu_order":0,"comment_status":"closed","ping_status":"closed","template":"","meta":{"_et_pb_use_builder":"on","_et_pb_old_content":"","_et_gb_content_width":"","footnotes":""},"class_list":["post-4536","page","type-page","status-publish","hentry"],"yoast_head":"<!-- This site is optimized with the Yoast SEO plugin v27.2 - https:\/\/yoast.com\/product\/yoast-seo-wordpress\/ -->\n<title>Soupes - Johnsonville.ca<\/title>\n<meta name=\"robots\" content=\"index, follow, max-snippet:-1, max-image-preview:large, max-video-preview:-1\" \/>\n<link rel=\"canonical\" href=\"https:\/\/johnsonville.ca\/fr\/soupes\/\" \/>\n<meta property=\"og:locale\" content=\"fr_FR\" \/>\n<meta property=\"og:type\" content=\"article\" \/>\n<meta property=\"og:title\" content=\"Soupes - Johnsonville.ca\" \/>\n<meta property=\"og:description\" content=\"SoupesPolitique de confidentialit\u00e9 \u00a92022 Johnsonville, LLC. Tous droits r\u00e9serv\u00e9sCommuniquer avec nous\" \/>\n<meta property=\"og:url\" content=\"https:\/\/johnsonville.ca\/fr\/soupes\/\" \/>\n<meta property=\"og:site_name\" content=\"Johnsonville.ca\" \/>\n<meta property=\"article:modified_time\" content=\"2022-11-02T13:49:09+00:00\" \/>\n<meta name=\"twitter:card\" content=\"summary_large_image\" \/>\n<meta name=\"twitter:label1\" content=\"Dur\u00e9e de lecture estim\u00e9e\" \/>\n\t<meta name=\"twitter:data1\" content=\"2 minutes\" \/>\n<script type=\"application\/ld+json\" class=\"yoast-schema-graph\">{\"@context\":\"https:\/\/schema.org\",\"@graph\":[{\"@type\":\"WebPage\",\"@id\":\"https:\/\/johnsonville.ca\/fr\/soupes\/\",\"url\":\"https:\/\/johnsonville.ca\/fr\/soupes\/\",\"name\":\"Soupes - Johnsonville.ca\",\"isPartOf\":{\"@id\":\"https:\/\/johnsonville.ca\/fr\/#website\"},\"datePublished\":\"2022-11-02T13:36:14+00:00\",\"dateModified\":\"2022-11-02T13:49:09+00:00\",\"breadcrumb\":{\"@id\":\"https:\/\/johnsonville.ca\/fr\/soupes\/#breadcrumb\"},\"inLanguage\":\"fr-FR\",\"potentialAction\":[{\"@type\":\"ReadAction\",\"target\":[\"https:\/\/johnsonville.ca\/fr\/soupes\/\"]}]},{\"@type\":\"BreadcrumbList\",\"@id\":\"https:\/\/johnsonville.ca\/fr\/soupes\/#breadcrumb\",\"itemListElement\":[{\"@type\":\"ListItem\",\"position\":1,\"name\":\"Home\",\"item\":\"https:\/\/johnsonville.ca\/fr\/\"},{\"@type\":\"ListItem\",\"position\":2,\"name\":\"Soupes\"}]},{\"@type\":\"WebSite\",\"@id\":\"https:\/\/johnsonville.ca\/fr\/#website\",\"url\":\"https:\/\/johnsonville.ca\/fr\/\",\"name\":\"Johnsonville.ca\",\"description\":\"\",\"potentialAction\":[{\"@type\":\"SearchAction\",\"target\":{\"@type\":\"EntryPoint\",\"urlTemplate\":\"https:\/\/johnsonville.ca\/fr\/?s={search_term_string}\"},\"query-input\":{\"@type\":\"PropertyValueSpecification\",\"valueRequired\":true,\"valueName\":\"search_term_string\"}}],\"inLanguage\":\"fr-FR\"}]}<\/script>\n<!-- \/ Yoast SEO plugin. -->","yoast_head_json":{"title":"Soupes - Johnsonville.ca","robots":{"index":"index","follow":"follow","max-snippet":"max-snippet:-1","max-image-preview":"max-image-preview:large","max-video-preview":"max-video-preview:-1"},"canonical":"https:\/\/johnsonville.ca\/fr\/soupes\/","og_locale":"fr_FR","og_type":"article","og_title":"Soupes - Johnsonville.ca","og_description":"SoupesPolitique de confidentialit\u00e9 \u00a92022 Johnsonville, LLC. Tous droits r\u00e9serv\u00e9sCommuniquer avec nous","og_url":"https:\/\/johnsonville.ca\/fr\/soupes\/","og_site_name":"Johnsonville.ca","article_modified_time":"2022-11-02T13:49:09+00:00","twitter_card":"summary_large_image","twitter_misc":{"Dur\u00e9e de lecture estim\u00e9e":"2 minutes"},"schema":{"@context":"https:\/\/schema.org","@graph":[{"@type":"WebPage","@id":"https:\/\/johnsonville.ca\/fr\/soupes\/","url":"https:\/\/johnsonville.ca\/fr\/soupes\/","name":"Soupes - Johnsonville.ca","isPartOf":{"@id":"https:\/\/johnsonville.ca\/fr\/#website"},"datePublished":"2022-11-02T13:36:14+00:00","dateModified":"2022-11-02T13:49:09+00:00","breadcrumb":{"@id":"https:\/\/johnsonville.ca\/fr\/soupes\/#breadcrumb"},"inLanguage":"fr-FR","potentialAction":[{"@type":"ReadAction","target":["https:\/\/johnsonville.ca\/fr\/soupes\/"]}]},{"@type":"BreadcrumbList","@id":"https:\/\/johnsonville.ca\/fr\/soupes\/#breadcrumb","itemListElement":[{"@type":"ListItem","position":1,"name":"Home","item":"https:\/\/johnsonville.ca\/fr\/"},{"@type":"ListItem","position":2,"name":"Soupes"}]},{"@type":"WebSite","@id":"https:\/\/johnsonville.ca\/fr\/#website","url":"https:\/\/johnsonville.ca\/fr\/","name":"Johnsonville.ca","description":"","potentialAction":[{"@type":"SearchAction","target":{"@type":"EntryPoint","urlTemplate":"https:\/\/johnsonville.ca\/fr\/?s={search_term_string}"},"query-input":{"@type":"PropertyValueSpecification","valueRequired":true,"valueName":"search_term_string"}}],"inLanguage":"fr-FR"}]}},"_links":{"self":[{"href":"https:\/\/johnsonville.ca\/fr\/wp-json\/wp\/v2\/pages\/4536","targetHints":{"allow":["GET"]}}],"collection":[{"href":"https:\/\/johnsonville.ca\/fr\/wp-json\/wp\/v2\/pages"}],"about":[{"href":"https:\/\/johnsonville.ca\/fr\/wp-json\/wp\/v2\/types\/page"}],"author":[{"embeddable":true,"href":"https:\/\/johnsonville.ca\/fr\/wp-json\/wp\/v2\/users\/1"}],"replies":[{"embeddable":true,"href":"https:\/\/johnsonville.ca\/fr\/wp-json\/wp\/v2\/comments?post=4536"}],"version-history":[{"count":0,"href":"https:\/\/johnsonville.ca\/fr\/wp-json\/wp\/v2\/pages\/4536\/revisions"}],"wp:attachment":[{"href":"https:\/\/johnsonville.ca\/fr\/wp-json\/wp\/v2\/media?parent=4536"}],"curies":[{"name":"wp","href":"https:\/\/api.w.org\/{rel}","templated":true}]}}