{"id":8991,"date":"2024-06-10T01:48:25","date_gmt":"2024-06-10T01:48:25","guid":{"rendered":"https:\/\/johnsonville.ca\/?page_id=8991"},"modified":"2024-06-25T21:00:42","modified_gmt":"2024-06-25T21:00:42","slug":"recettes-du-quebec","status":"publish","type":"page","link":"https:\/\/johnsonville.ca\/fr\/recettes-du-quebec\/","title":{"rendered":"Recettes du Qu\u00e9bec"},"content":{"rendered":"<p>[et_pb_section fb_built=\u00a0\u00bb1&Prime; _builder_version=\u00a0\u00bb4.25.1&Prime; _module_preset=\u00a0\u00bbdefault\u00a0\u00bb background_color=\u00a0\u00bb#edebe6&Prime; global_colors_info=\u00a0\u00bb{}\u00a0\u00bb][et_pb_row _builder_version=\u00a0\u00bb4.18.0&Prime; _module_preset=\u00a0\u00bbdefault\u00a0\u00bb width=\u00a0\u00bb100%\u00a0\u00bb width_tablet=\u00a0\u00bb90%\u00a0\u00bb width_phone=\u00a0\u00bb90%\u00a0\u00bb width_last_edited=\u00a0\u00bbon|desktop\u00a0\u00bb max_width=\u00a0\u00bb1150px\u00a0\u00bb global_colors_info=\u00a0\u00bb{}\u00a0\u00bb][et_pb_column type=\u00a0\u00bb4_4&Prime; _builder_version=\u00a0\u00bb4.18.0&Prime; _module_preset=\u00a0\u00bbdefault\u00a0\u00bb global_colors_info=\u00a0\u00bb{}\u00a0\u00bb][et_pb_text module_id=\u00a0\u00bbrecipes\u00a0\u00bb _builder_version=\u00a0\u00bb4.25.1&Prime; _module_preset=\u00a0\u00bbdefault\u00a0\u00bb header_4_font=\u00a0\u00bbMuseo|600||on|||||\u00a0\u00bb header_4_text_color=\u00a0\u00bb#e98110&Prime; header_4_font_size=\u00a0\u00bb14px\u00a0\u00bb header_4_letter_spacing=\u00a0\u00bb10px\u00a0\u00bb custom_css_main_element=\u00a0\u00bbborder-bottom: 1px solid #e98110;||width: 150px;||padding-bottom: 5px;\u00a0\u00bb global_colors_info=\u00a0\u00bb{}\u00a0\u00bb]<\/p>\n<h4 style=\"white-space:nowrap\">RECETTES<\/h4>\n<p>[\/et_pb_text][\/et_pb_column][\/et_pb_row][\/et_pb_section][et_pb_section fb_built=\u00a0\u00bb1&Prime; module_class=\u00a0\u00bbrelated-recipes\u00a0\u00bb _builder_version=\u00a0\u00bb4.25.1&Prime; _module_preset=\u00a0\u00bbdefault\u00a0\u00bb background_color=\u00a0\u00bb#edebe6&Prime; custom_padding=\u00a0\u00bb0px||||false|false\u00a0\u00bb locked=\u00a0\u00bboff\u00a0\u00bb global_colors_info=\u00a0\u00bb{}\u00a0\u00bb][et_pb_row _builder_version=\u00a0\u00bb4.18.0&Prime; _module_preset=\u00a0\u00bbdefault\u00a0\u00bb max_width=\u00a0\u00bb1150px\u00a0\u00bb custom_padding=\u00a0\u00bb||||false|false\u00a0\u00bb global_colors_info=\u00a0\u00bb{}\u00a0\u00bb][et_pb_column type=\u00a0\u00bb4_4&Prime; _builder_version=\u00a0\u00bb4.18.0&Prime; _module_preset=\u00a0\u00bbdefault\u00a0\u00bb global_colors_info=\u00a0\u00bb{}\u00a0\u00bb][et_pb_text _builder_version=\u00a0\u00bb4.25.1&Prime; _module_preset=\u00a0\u00bbdefault\u00a0\u00bb header_2_font=\u00a0\u00bbSemilla|700|||||||\u00a0\u00bb header_2_text_color=\u00a0\u00bb#222222&Prime; header_2_font_size=\u00a0\u00bb36px\u00a0\u00bb custom_css_main_element=\u00a0\u00bbpadding-bottom: 8px;\u00a0\u00bb border_width_bottom=\u00a0\u00bb1px\u00a0\u00bb border_color_bottom=\u00a0\u00bb#ffa71c\u00a0\u00bb global_colors_info=\u00a0\u00bb{}\u00a0\u00bb]<\/p>\n<h2>D\u00eener<\/h2>\n<p>[\/et_pb_text][\/et_pb_column][\/et_pb_row][et_pb_row _builder_version=\u00a0\u00bb4.18.0&Prime; _module_preset=\u00a0\u00bbdefault\u00a0\u00bb max_width=\u00a0\u00bb1150px\u00a0\u00bb global_colors_info=\u00a0\u00bb{}\u00a0\u00bb][et_pb_column type=\u00a0\u00bb4_4&Prime; _builder_version=\u00a0\u00bb4.18.0&Prime; _module_preset=\u00a0\u00bbdefault\u00a0\u00bb global_colors_info=\u00a0\u00bb{}\u00a0\u00bb][dpdfg_filtergrid custom_query=\u00a0\u00bbadvanced\u00a0\u00bb multiple_cpt=\u00a0\u00bbrecipes\u00a0\u00bb use_taxonomy_terms=\u00a0\u00bbon\u00a0\u00bb multiple_taxonomies=\u00a0\u00bbrestricted\u00a0\u00bb include_terms=\u00a0\u00bb137&Prime; include_children_terms=\u00a0\u00bboff\u00a0\u00bb post_number=\u00a0\u00bb4&Prime; show_private=\u00a0\u00bbon\u00a0\u00bb use_overlay=\u00a0\u00bboff\u00a0\u00bb title_link=\u00a0\u00bbon\u00a0\u00bb show_post_meta=\u00a0\u00bboff\u00a0\u00bb custom_content_container=\u00a0\u00bboff\u00a0\u00bb show_filters=\u00a0\u00bboff\u00a0\u00bb _builder_version=\u00a0\u00bb4.25.1&Prime; _module_preset=\u00a0\u00bbdefault\u00a0\u00bb dpdfg_entry_title_font=\u00a0\u00bbMuseo||||||||\u00a0\u00bb dpdfg_entry_title_text_color=\u00a0\u00bb#e98110&Prime; dpdfg_entry_title_font_size=\u00a0\u00bb14px\u00a0\u00bb global_colors_info=\u00a0\u00bb{}\u00a0\u00bb][\/dpdfg_filtergrid][et_pb_text disabled_on=\u00a0\u00bboff|off|off\u00a0\u00bb module_id=\u00a0\u00bbmore-recipes\u00a0\u00bb _builder_version=\u00a0\u00bb4.25.1&Prime; _module_preset=\u00a0\u00bbdefault\u00a0\u00bb text_font=\u00a0\u00bbMuseo||||||||\u00a0\u00bb text_text_color=\u00a0\u00bb#222222&Prime; text_font_size=\u00a0\u00bb12px\u00a0\u00bb text_orientation_tablet=\u00a0\u00bbcenter\u00a0\u00bb text_orientation_phone=\u00a0\u00bbcenter\u00a0\u00bb text_orientation_last_edited=\u00a0\u00bbon|desktop\u00a0\u00bb global_colors_info=\u00a0\u00bb{}\u00a0\u00bb]        <a class=\"recipes-link\" href=\"https:\/\/johnsonville.ca\/fr\/\/recipes\">RETOUR AUX RECETTES <\/a>\n    <br \/>\n[\/et_pb_text][et_pb_divider show_divider=\u00a0\u00bboff\u00a0\u00bb _builder_version=\u00a0\u00bb4.25.1&Prime; _module_preset=\u00a0\u00bbdefault\u00a0\u00bb min_height=\u00a0\u00bb106px\u00a0\u00bb global_colors_info=\u00a0\u00bb{}\u00a0\u00bb][\/et_pb_divider][et_pb_code _builder_version=\u00a0\u00bb4.25.1&Prime; _module_preset=\u00a0\u00bbdefault\u00a0\u00bb hover_enabled=\u00a0\u00bb0&Prime; global_colors_info=\u00a0\u00bb{}\u00a0\u00bb sticky_enabled=\u00a0\u00bb0&Prime;]<script><!-- [et_pb_line_break_holder] -->\/\/ Set interval to re-apply event handlers every 500 milliseconds<!-- [et_pb_line_break_holder] -->setInterval(function() {<!-- [et_pb_line_break_holder] -->    jQuery('.recipes-link').off('click').on('click', function(event){<!-- [et_pb_line_break_holder] -->        event.preventDefault();<!-- [et_pb_line_break_holder] -->        window.location.assign('https:\/\/johnsonville.ca\/fr\/recettes-du-quebec\/');<!-- [et_pb_line_break_holder] -->    });<!-- [et_pb_line_break_holder] -->    jQuery('.logo_container a').off('click').on('click', function(event){<!-- [et_pb_line_break_holder] -->        event.preventDefault();<!-- [et_pb_line_break_holder] -->        window.location.assign('https:\/\/johnsonville.ca\/fr\/quebec\/');<!-- [et_pb_line_break_holder] -->    });<!-- [et_pb_line_break_holder] -->}, 500);<!-- [et_pb_line_break_holder] --><\/script>[\/et_pb_code][\/et_pb_column][\/et_pb_row][\/et_pb_section][et_pb_section fb_built=\u00a0\u00bb1&Prime; module_id=\u00a0\u00bbfooter\u00a0\u00bb module_class=\u00a0\u00bbfooter-french\u00a0\u00bb _builder_version=\u00a0\u00bb4.18.0&Prime; _module_preset=\u00a0\u00bbdefault\u00a0\u00bb background_color=\u00a0\u00bb#000000&Prime; custom_padding=\u00a0\u00bb0px||0px||false|false\u00a0\u00bb global_module=\u00a0\u00bb2015&Prime; global_colors_info=\u00a0\u00bb{}\u00a0\u00bb][et_pb_row column_structure=\u00a0\u00bb1_2,1_2&Prime; _builder_version=\u00a0\u00bb4.18.0&Prime; _module_preset=\u00a0\u00bbdefault\u00a0\u00bb width=\u00a0\u00bb100%\u00a0\u00bb max_width=\u00a0\u00bb1150px\u00a0\u00bb custom_padding=\u00a0\u00bb15px||10px||false|false\u00a0\u00bb global_colors_info=\u00a0\u00bb{}\u00a0\u00bb custom_css_main_element_last_edited=\u00a0\u00bbon|phone\u00a0\u00bb][et_pb_column type=\u00a0\u00bb1_2&Prime; _builder_version=\u00a0\u00bb4.18.0&Prime; _module_preset=\u00a0\u00bbdefault\u00a0\u00bb global_colors_info=\u00a0\u00bb{}\u00a0\u00bb][et_pb_text module_class=\u00a0\u00bbfooter-left footer-links\u00a0\u00bb _builder_version=\u00a0\u00bb4.18.0&Prime; _module_preset=\u00a0\u00bbdefault\u00a0\u00bb text_font=\u00a0\u00bbMuseo||||||||\u00a0\u00bb text_text_color=\u00a0\u00bb#fff1c2&Prime; text_font_size=\u00a0\u00bb12px\u00a0\u00bb global_colors_info=\u00a0\u00bb{}\u00a0\u00bb]<a href=\"https:\/\/johnsonville.ca\/fr\/privacy\/\">Politique de confidentialit\u00e9<\/a><\/p>\n<p>\u00a92022 Johnsonville, LLC. Tous droits r\u00e9serv\u00e9s<\/p>\n<p>[\/et_pb_text][\/et_pb_column][et_pb_column type=\u00a0\u00bb1_2&Prime; _builder_version=\u00a0\u00bb4.18.0&Prime; _module_preset=\u00a0\u00bbdefault\u00a0\u00bb global_colors_info=\u00a0\u00bb{}\u00a0\u00bb][et_pb_code module_class=\u00a0\u00bbfooter-right footer-links\u00a0\u00bb _builder_version=\u00a0\u00bb4.18.0&Prime; _module_preset=\u00a0\u00bbdefault\u00a0\u00bb global_colors_info=\u00a0\u00bb{}\u00a0\u00bb]<a href=\"https:\/\/johnsonville.ca\/fr\/contact\/\">Communiquer avec nous<\/a><\/pee><!-- [et_pb_line_break_holder] --><\/p>\n<div id=\"social-icons-footer\">\u00a0<!-- [et_pb_line_break_holder] -->  <a href=\"https:\/\/facebook.com\/JohnsonvilleCA\" target=\"blank\" rel=\"noopener\"><i class=\"fa-brands fa-facebook\"><\/i><\/a><!-- [et_pb_line_break_holder] --><\/div>\n<p><!-- [et_pb_line_break_holder] --><pee>\n<div class=\"wpml-ls-statics-shortcode_actions wpml-ls wpml-ls-legacy-list-horizontal\">\n\t<ul role=\"menu\"><li class=\"wpml-ls-slot-shortcode_actions wpml-ls-item wpml-ls-item-en wpml-ls-first-item wpml-ls-item-legacy-list-horizontal\" role=\"none\">\n\t\t\t\t<a href=\"https:\/\/johnsonville.ca\/\" class=\"wpml-ls-link\" role=\"menuitem\"  aria-label=\"Passer \u00e0 Anglais(English)\" title=\"Passer \u00e0 Anglais(English)\" >\n                    <span class=\"wpml-ls-native\" lang=\"en\">English<\/span><span class=\"wpml-ls-display\"><span class=\"wpml-ls-bracket\"> (<\/span>Anglais<span class=\"wpml-ls-bracket\">)<\/span><\/span><\/a>\n\t\t\t<\/li><li class=\"wpml-ls-slot-shortcode_actions wpml-ls-item wpml-ls-item-fr wpml-ls-current-language wpml-ls-last-item wpml-ls-item-legacy-list-horizontal\" role=\"none\">\n\t\t\t\t<a href=\"https:\/\/johnsonville.ca\/fr\/\" class=\"wpml-ls-link\" role=\"menuitem\" >\n                    <span class=\"wpml-ls-native\" role=\"menuitem\">Fran\u00e7ais<\/span><\/a>\n\t\t\t<\/li><\/ul>\n<\/div>\n<\/pee>[\/et_pb_code][\/et_pb_column][\/et_pb_row][\/et_pb_section]<\/p>\n","protected":false},"excerpt":{"rendered":"<p>RECETTESD\u00eener<div class=\"et_pb_module dpdfg_filtergrid dpdfg_filtergrid_0\">\n\t\t\t\t\n\t\t\t\t\n\t\t\t\t\n\t\t\t\t\n\t\t\t\t\n\t\t\t\t\n\t\t\t\t<div class=\"et_pb_module_inner\">\n\t\t\t\t\t<!-- DPDFG Start Main Container --><div class=\"dp-dfg-container dp-dfg-layout-grid dp-dfg-skin-default dp-dfg-skin-top-filters\" data-active-filter=\"all\" data-page=\"1\" data-found-posts=\"4\" data-post-number=\"4\" data-default-filter=\"All\" data-link-filter=\"\" data-cache=\"off\" data-ratio=\"0.71\" data-show-thumb=\"on\" data-action=\"link\" data-new-window=\"off\" data-filters=\"off\" data-multifilter=\"off|OR\" data-multilevel=\"off|AND|off\" data-sorting=\"off\" data-order=\"DESC\" data-orderby=\"date\" data-initorderby=\"date\" data-url-navigation=\"off\" data-url-history=\"on|reload\" data-ajax-filters=\"off\" data-doing-ajax=\"off\" data-module=\"dpdfg_filtergrid_0\" data-search=\"off\" data-search-position=\"above\" data-terms-tags=\"on\" data-pagination=\"on\" data-filter-method=\"default\" data-third-party=\"\" data-lightbox=\"on|||\" data-video-preview=\"off\" data-no-init=\"off\" data-st=\"on\"><div class=\"dp-dfg-items\"><article id=\"post-8965\" class=\"dp-dfg-item post-8965 recipes type-recipes status-publish has-post-thumbnail hentry category-diner category-epicee category-internationale category-italienne category-saucisses-a-diner restricted-recettes-du-quebec \"     data-position=\"0\"   data-new-tab=\"off\"   data-action-priority=\"item\"><figure class=\"dp-dfg-image entry-thumb\"><a href=\"https:\/\/johnsonville.ca\/fr\/recipes\/saucisses-italiennes-epicees-avec-polenta-et-sauce-tomate\/\" class=\"dp-dfg-image-link\" ><img decoding=\"async\" class=\"dp-dfg-featured-image\" src=\"https:\/\/cdn-storage-jv-wordpress-canada-prd-central-us.azureedge.net\/uploads\/2024\/06\/hot-italian-polenta-400x284.jpg\" alt=\"Saucisses italiennes \u00e9pic\u00e9es avec polenta et sauce tomate\" width=\"400\" height=\"284\" data-ratio=\"0.71\"\/><\/a><\/figure><div class=\"dp-dfg-header entry-header\"><h2 class=\"entry-title\"><a href=\"https:\/\/johnsonville.ca\/fr\/recipes\/saucisses-italiennes-epicees-avec-polenta-et-sauce-tomate\/\" >Saucisses italiennes \u00e9pic\u00e9es avec polenta et sauce tomate<\/a><\/h2><\/div><\/article><!-- DPDFG End Post Item Container --><article id=\"post-8943\" class=\"dp-dfg-item post-8943 recipes type-recipes status-publish has-post-thumbnail hentry category-diner category-epicee category-internationale category-saucisses-a-diner restricted-recettes-du-quebec \"     data-position=\"1\"   data-new-tab=\"off\"   data-action-priority=\"item\"><figure class=\"dp-dfg-image entry-thumb\"><a href=\"https:\/\/johnsonville.ca\/fr\/recipes\/salade-de-couscous-nord-africaine-avec-merguez\/\" class=\"dp-dfg-image-link\" ><img decoding=\"async\" class=\"dp-dfg-featured-image\" src=\"https:\/\/cdn-storage-jv-wordpress-canada-prd-central-us.azureedge.net\/uploads\/2024\/06\/Merguez_CousCous_Recipe-400x284.jpg\" alt=\"Salade de couscous Nord-Africaine avec Merguez\" width=\"400\" height=\"284\" data-ratio=\"0.71\"\/><\/a><\/figure><div class=\"dp-dfg-header entry-header\"><h2 class=\"entry-title\"><a href=\"https:\/\/johnsonville.ca\/fr\/recipes\/salade-de-couscous-nord-africaine-avec-merguez\/\" >Salade de couscous Nord-Africaine avec Merguez<\/a><\/h2><\/div><\/article><!-- DPDFG End Post Item Container --><article id=\"post-8975\" class=\"dp-dfg-item post-8975 recipes type-recipes status-publish has-post-thumbnail hentry category-fromage category-pates category-saucisses-a-diner category-savoureuse restricted-recettes-du-quebec \"     data-position=\"2\"   data-new-tab=\"off\"   data-action-priority=\"item\"><figure class=\"dp-dfg-image entry-thumb\"><a href=\"https:\/\/johnsonville.ca\/fr\/recipes\/macaroni-au-fromage-aux-saucisses-cheddar-and-bacon-de-johnsonville\/\" class=\"dp-dfg-image-link\" ><img decoding=\"async\" class=\"dp-dfg-featured-image\" src=\"https:\/\/cdn-storage-jv-wordpress-canada-prd-central-us.azureedge.net\/uploads\/2024\/06\/Cheddar_Bacon_MacCheese-400x284.jpg\" alt=\"Macaroni au fromage aux Saucisses Cheddar &#038; Bacon de Johnsonville\" width=\"400\" height=\"284\" data-ratio=\"0.71\"\/><\/a><\/figure><div class=\"dp-dfg-header entry-header\"><h2 class=\"entry-title\"><a href=\"https:\/\/johnsonville.ca\/fr\/recipes\/macaroni-au-fromage-aux-saucisses-cheddar-and-bacon-de-johnsonville\/\" >Macaroni au fromage aux Saucisses Cheddar &#038; Bacon de Johnsonville<\/a><\/h2><\/div><\/article><!-- DPDFG End Post Item Container --><article id=\"post-9011\" class=\"dp-dfg-item post-9011 recipes type-recipes status-publish has-post-thumbnail hentry category-diner category-italienne category-saucisses-a-diner category-savoureuse restricted-recettes-du-quebec \"     data-position=\"3\"   data-new-tab=\"off\"   data-action-priority=\"item\"><figure class=\"dp-dfg-image entry-thumb\"><a href=\"https:\/\/johnsonville.ca\/fr\/recipes\/saucisses-italiennes-douces-aux-legumes-au-vinaigre-balsamique\/\" class=\"dp-dfg-image-link\" ><img decoding=\"async\" class=\"dp-dfg-featured-image\" src=\"https:\/\/cdn-storage-jv-wordpress-canada-prd-central-us.azureedge.net\/uploads\/2024\/06\/Mild-italian-roasted-vegetable-400x284.jpg\" alt=\"Saucisses italiennes douces aux l\u00e9gumes au vinaigre balsamique\" width=\"400\" height=\"284\" data-ratio=\"0.71\"\/><\/a><\/figure><div class=\"dp-dfg-header entry-header\"><h2 class=\"entry-title\"><a href=\"https:\/\/johnsonville.ca\/fr\/recipes\/saucisses-italiennes-douces-aux-legumes-au-vinaigre-balsamique\/\" >Saucisses italiennes douces aux l\u00e9gumes au vinaigre balsamique<\/a><\/h2><\/div><\/article><!-- DPDFG End Post Item Container --><\/div><!-- DPDFG End Posts Items Container --><\/div><!-- DPDFG End Main Container -->\n\t\t\t\t<\/div>\n\t\t\t<\/div>        <a class=\"recipes-link\" href=\"https:\/\/johnsonville.ca\/fr\/\/recipes\">RETOUR AUX RECETTES <\/a>\n     Politique de confidentialit\u00e9 \u00a92022 Johnsonville, LLC. Tous droits r\u00e9serv\u00e9sCommuniquer avec nous\u00a0 \n<div class=\"wpml-ls-statics-shortcode_actions wpml-ls wpml-ls-legacy-list-horizontal\">\n\t<ul role=\"menu\"><li class=\"wpml-ls-slot-shortcode_actions wpml-ls-item wpml-ls-item-en wpml-ls-first-item wpml-ls-item-legacy-list-horizontal\" role=\"none\">\n\t\t\t\t<a href=\"https:\/\/johnsonville.ca\/\" class=\"wpml-ls-link\" role=\"menuitem\"  aria-label=\"Passer \u00e0 Anglais(English)\" title=\"Passer \u00e0 Anglais(English)\" >\n                    <span class=\"wpml-ls-native\" lang=\"en\">English<\/span><span class=\"wpml-ls-display\"><span class=\"wpml-ls-bracket\"> (<\/span>Anglais<span class=\"wpml-ls-bracket\">)<\/span><\/span><\/a>\n\t\t\t<\/li><li class=\"wpml-ls-slot-shortcode_actions wpml-ls-item wpml-ls-item-fr wpml-ls-current-language wpml-ls-last-item wpml-ls-item-legacy-list-horizontal\" role=\"none\">\n\t\t\t\t<a href=\"https:\/\/johnsonville.ca\/fr\/\" class=\"wpml-ls-link\" role=\"menuitem\" >\n                    <span class=\"wpml-ls-native\" role=\"menuitem\">Fran\u00e7ais<\/span><\/a>\n\t\t\t<\/li><\/ul>\n<\/div>\n<\/p>\n","protected":false},"author":22,"featured_media":0,"parent":0,"menu_order":0,"comment_status":"closed","ping_status":"closed","template":"","meta":{"_et_pb_use_builder":"on","_et_pb_old_content":"","_et_gb_content_width":"","footnotes":""},"class_list":["post-8991","page","type-page","status-publish","hentry"],"yoast_head":"<!-- This site is optimized with the Yoast SEO plugin v27.2 - https:\/\/yoast.com\/product\/yoast-seo-wordpress\/ -->\n<title>Recettes du Qu\u00e9bec - Johnsonville.ca<\/title>\n<meta name=\"robots\" content=\"index, follow, max-snippet:-1, max-image-preview:large, max-video-preview:-1\" \/>\n<link rel=\"canonical\" href=\"https:\/\/johnsonville.ca\/fr\/recettes-du-quebec\/\" \/>\n<meta property=\"og:locale\" content=\"fr_FR\" \/>\n<meta property=\"og:type\" content=\"article\" \/>\n<meta property=\"og:title\" content=\"Recettes du Qu\u00e9bec - Johnsonville.ca\" \/>\n<meta property=\"og:description\" content=\"RECETTESD\u00eener Politique de confidentialit\u00e9 \u00a92022 Johnsonville, LLC. Tous droits r\u00e9serv\u00e9sCommuniquer avec nous\u00a0\" \/>\n<meta property=\"og:url\" content=\"https:\/\/johnsonville.ca\/fr\/recettes-du-quebec\/\" \/>\n<meta property=\"og:site_name\" content=\"Johnsonville.ca\" \/>\n<meta property=\"article:modified_time\" content=\"2024-06-25T21:00:42+00:00\" \/>\n<meta name=\"twitter:card\" content=\"summary_large_image\" \/>\n<meta name=\"twitter:label1\" content=\"Dur\u00e9e de lecture estim\u00e9e\" \/>\n\t<meta name=\"twitter:data1\" content=\"2 minutes\" \/>\n<script type=\"application\/ld+json\" class=\"yoast-schema-graph\">{\"@context\":\"https:\/\/schema.org\",\"@graph\":[{\"@type\":\"WebPage\",\"@id\":\"https:\/\/johnsonville.ca\/fr\/recettes-du-quebec\/\",\"url\":\"https:\/\/johnsonville.ca\/fr\/recettes-du-quebec\/\",\"name\":\"Recettes du Qu\u00e9bec - Johnsonville.ca\",\"isPartOf\":{\"@id\":\"https:\/\/johnsonville.ca\/fr\/#website\"},\"datePublished\":\"2024-06-10T01:48:25+00:00\",\"dateModified\":\"2024-06-25T21:00:42+00:00\",\"breadcrumb\":{\"@id\":\"https:\/\/johnsonville.ca\/fr\/recettes-du-quebec\/#breadcrumb\"},\"inLanguage\":\"fr-FR\",\"potentialAction\":[{\"@type\":\"ReadAction\",\"target\":[\"https:\/\/johnsonville.ca\/fr\/recettes-du-quebec\/\"]}]},{\"@type\":\"BreadcrumbList\",\"@id\":\"https:\/\/johnsonville.ca\/fr\/recettes-du-quebec\/#breadcrumb\",\"itemListElement\":[{\"@type\":\"ListItem\",\"position\":1,\"name\":\"Home\",\"item\":\"https:\/\/johnsonville.ca\/fr\/\"},{\"@type\":\"ListItem\",\"position\":2,\"name\":\"Recettes du Qu\u00e9bec\"}]},{\"@type\":\"WebSite\",\"@id\":\"https:\/\/johnsonville.ca\/fr\/#website\",\"url\":\"https:\/\/johnsonville.ca\/fr\/\",\"name\":\"Johnsonville.ca\",\"description\":\"\",\"potentialAction\":[{\"@type\":\"SearchAction\",\"target\":{\"@type\":\"EntryPoint\",\"urlTemplate\":\"https:\/\/johnsonville.ca\/fr\/?s={search_term_string}\"},\"query-input\":{\"@type\":\"PropertyValueSpecification\",\"valueRequired\":true,\"valueName\":\"search_term_string\"}}],\"inLanguage\":\"fr-FR\"}]}<\/script>\n<!-- \/ Yoast SEO plugin. -->","yoast_head_json":{"title":"Recettes du Qu\u00e9bec - Johnsonville.ca","robots":{"index":"index","follow":"follow","max-snippet":"max-snippet:-1","max-image-preview":"max-image-preview:large","max-video-preview":"max-video-preview:-1"},"canonical":"https:\/\/johnsonville.ca\/fr\/recettes-du-quebec\/","og_locale":"fr_FR","og_type":"article","og_title":"Recettes du Qu\u00e9bec - Johnsonville.ca","og_description":"RECETTESD\u00eener Politique de confidentialit\u00e9 \u00a92022 Johnsonville, LLC. Tous droits r\u00e9serv\u00e9sCommuniquer avec nous\u00a0","og_url":"https:\/\/johnsonville.ca\/fr\/recettes-du-quebec\/","og_site_name":"Johnsonville.ca","article_modified_time":"2024-06-25T21:00:42+00:00","twitter_card":"summary_large_image","twitter_misc":{"Dur\u00e9e de lecture estim\u00e9e":"2 minutes"},"schema":{"@context":"https:\/\/schema.org","@graph":[{"@type":"WebPage","@id":"https:\/\/johnsonville.ca\/fr\/recettes-du-quebec\/","url":"https:\/\/johnsonville.ca\/fr\/recettes-du-quebec\/","name":"Recettes du Qu\u00e9bec - Johnsonville.ca","isPartOf":{"@id":"https:\/\/johnsonville.ca\/fr\/#website"},"datePublished":"2024-06-10T01:48:25+00:00","dateModified":"2024-06-25T21:00:42+00:00","breadcrumb":{"@id":"https:\/\/johnsonville.ca\/fr\/recettes-du-quebec\/#breadcrumb"},"inLanguage":"fr-FR","potentialAction":[{"@type":"ReadAction","target":["https:\/\/johnsonville.ca\/fr\/recettes-du-quebec\/"]}]},{"@type":"BreadcrumbList","@id":"https:\/\/johnsonville.ca\/fr\/recettes-du-quebec\/#breadcrumb","itemListElement":[{"@type":"ListItem","position":1,"name":"Home","item":"https:\/\/johnsonville.ca\/fr\/"},{"@type":"ListItem","position":2,"name":"Recettes du Qu\u00e9bec"}]},{"@type":"WebSite","@id":"https:\/\/johnsonville.ca\/fr\/#website","url":"https:\/\/johnsonville.ca\/fr\/","name":"Johnsonville.ca","description":"","potentialAction":[{"@type":"SearchAction","target":{"@type":"EntryPoint","urlTemplate":"https:\/\/johnsonville.ca\/fr\/?s={search_term_string}"},"query-input":{"@type":"PropertyValueSpecification","valueRequired":true,"valueName":"search_term_string"}}],"inLanguage":"fr-FR"}]}},"_links":{"self":[{"href":"https:\/\/johnsonville.ca\/fr\/wp-json\/wp\/v2\/pages\/8991","targetHints":{"allow":["GET"]}}],"collection":[{"href":"https:\/\/johnsonville.ca\/fr\/wp-json\/wp\/v2\/pages"}],"about":[{"href":"https:\/\/johnsonville.ca\/fr\/wp-json\/wp\/v2\/types\/page"}],"author":[{"embeddable":true,"href":"https:\/\/johnsonville.ca\/fr\/wp-json\/wp\/v2\/users\/22"}],"replies":[{"embeddable":true,"href":"https:\/\/johnsonville.ca\/fr\/wp-json\/wp\/v2\/comments?post=8991"}],"version-history":[{"count":40,"href":"https:\/\/johnsonville.ca\/fr\/wp-json\/wp\/v2\/pages\/8991\/revisions"}],"predecessor-version":[{"id":9402,"href":"https:\/\/johnsonville.ca\/fr\/wp-json\/wp\/v2\/pages\/8991\/revisions\/9402"}],"wp:attachment":[{"href":"https:\/\/johnsonville.ca\/fr\/wp-json\/wp\/v2\/media?parent=8991"}],"curies":[{"name":"wp","href":"https:\/\/api.w.org\/{rel}","templated":true}]}}